{"id":384,"date":"2018-10-16T13:52:03","date_gmt":"2018-10-16T12:52:03","guid":{"rendered":"https:\/\/camping-aisne.fr\/?page_id=384"},"modified":"2018-10-17T11:26:56","modified_gmt":"2018-10-17T10:26:56","slug":"norme-rgpd-sur-la-protection-des-donnees-privees","status":"publish","type":"page","link":"https:\/\/camping-aisne.fr\/index.php\/norme-rgpd-sur-la-protection-des-donnees-privees\/","title":{"rendered":"Norme RGPD sur la protection des donn\u00e9es priv\u00e9es"},"content":{"rendered":"<p>Les donn\u00e9es personnelles d\u00e9tenues par Camping la Ch\u00eanaie le sont car vous avez eu une interaction avec la soci\u00e9t\u00e9 par le biais d\u2019un formulaire de contact, par t\u00e9l\u00e9phone ou par email.<\/p>\n<p>Les donn\u00e9es personnelles d\u00e9tenues par Camping la Ch\u00eanaie se limitent aux informations n\u00e9cessaires au traitement des demandes afin de r\u00e9aliser des devis, commandes, factures dans le cadre exclusivement professionnel des activit\u00e9s de la soci\u00e9t\u00e9 Camping la Ch\u00eanaie (nom, pr\u00e9nom, adresse, email ou num\u00e9ro de t\u00e9l\u00e9phone\u2026).<\/p>\n<p>Ces donn\u00e9es sont stock\u00e9es dans notre syst\u00e8me qui est bas\u00e9 en France et s\u00e9curis\u00e9 d\u2019apr\u00e8s les mesures dict\u00e9es par le R\u00e8glement G\u00e9n\u00e9ral sur la Protection des Donn\u00e9es.<\/p>\n<p>Camping la Ch\u00eanaie utilise ces donn\u00e9es \u00e0 des fins commerciales et dans aucun cas ne les diffuse \u00e0 d\u2019autres personnes ou organisations. Nous ne vendons pas de donn\u00e9es \u00e0 des tiers.<\/p>\n<p>La soci\u00e9t\u00e9 Camping la Ch\u00eanaie conserve vos donn\u00e9es personnelles uniquement pour la p\u00e9riode n\u00e9cessaire \u00e0 l\u2019ex\u00e9cution de nos Services.<\/p>\n<p>Nous archivons les donn\u00e9es \u00e0 caract\u00e8re personnel des comptes cl\u00f4tur\u00e9s selon les r\u00e8gles applicables \u00e0 la protection de vos donn\u00e9es uniquement afin de nous conformer \u00e0 la loi RGDP, pr\u00e9venir les fraudes, recouvrer des sommes dues, r\u00e9gler des diff\u00e9rends, r\u00e9soudre des probl\u00e8mes techniques.<\/p>\n<p>Nous utilisons des mesures techniques et organisationnelles efficaces pour prot\u00e9ger les services et d\u2019autres syst\u00e8mes contre la perte, la destruction, l\u2019acc\u00e8s, les changements ou la distribution de vos donn\u00e9es par des personnes non autoris\u00e9es et le faisons selon l\u2019\u00e9tat actuel de la technique.<\/p>\n<p>Camping la Ch\u00eanaie d\u00e9cline toute responsabilit\u00e9 sur l\u2019utilisation de vos donn\u00e9es personnels lors d\u2019une r\u00e9servation via le site Secure Holiday.<\/p>\n<p>Conform\u00e9ment \u00e0 la loi \u00ab informatique et libert\u00e9s \u00bb, vous pouvez exercer votre droit d\u2019acc\u00e8s aux donn\u00e9es vous concernant en contactant la soci\u00e9t\u00e9 Camping la Ch\u00eanaie ou en remplissant le formulaire ci-dessous :<\/p>\n\t\t<form action=\"https:\/\/camping-aisne.fr\/wp-admin\/admin-ajax.php\" method=\"post\" id=\"gdrf-form\">\n\t\t\t<input type=\"hidden\" name=\"action\" value=\"gdrf_data_request\" \/>\n\t\t\t<input type=\"hidden\" name=\"gdrf_data_human_key\" id=\"gdrf_data_human_key\" value=\"70002\" \/>\n\t\t\t<input type=\"hidden\" name=\"gdrf_data_nonce\" id=\"gdrf_data_nonce\" value=\"8db1de49d5\" \/>\n\n\t\t\t\t\t<div class=\"gdrf-field gdrf-field-action\" role=\"radiogroup\" aria-labelledby=\"gdrf-radio-label\">\n\t\t\t\t<p id=\"gdrf-radio-label\">\n\t\t\t\t\tS\u00e9lectionner un type de demande\u00a0:\t\t\t\t<\/p>\n\n\t\t\t\t<input id=\"gdrf-data-type-export\" class=\"gdrf-data-type-input\" type=\"radio\" name=\"gdrf_data_type\" value=\"export_personal_data\" \/>\n\t\t\t\t<label for=\"gdrf-data-type-export\" class=\"gdrf-data-type-label\">\n\t\t\t\t\tExporter mes donn\u00e9es personnelles\t\t\t\t<\/label>\n\t\t\t\t<br \/>\n\t\t\t\t<input id=\"gdrf-data-type-remove\" class=\"gdrf-data-type-input\" type=\"radio\" name=\"gdrf_data_type\" value=\"remove_personal_data\" \/>\n\t\t\t\t<label for=\"gdrf-data-type-remove\" class=\"gdrf-data-type-label\">\n\t\t\t\t\tSupprimer mes donn\u00e9es personnelles\t\t\t\t<\/label>\n\t\t\t<\/div>\n\t\t\n\t\t\t<p class=\"gdrf-field gdrf-field-email\">\n\t\t\t\t<label for=\"gdrf_data_email\">\n\t\t\t\t\tVotre adresse de messagerie (obligatoire)\t\t\t\t<\/label>\n\t\t\t\t<input type=\"email\" id=\"gdrf_data_email\" name=\"gdrf_data_email\" required \/>\n\t\t\t<\/p>\n\n\t\t\t<p class=\"gdrf-field gdrf-field-human\">\n\t\t\t\t<label for=\"gdrf_data_human\">\n\t\t\t\t\tV\u00e9rification antispam (obligatoire)\u00a0:\t\t\t\t\t7\u00a0+\u00a02\u00a0=\u00a0?\t\t\t\t<\/label>\n\t\t\t\t<input type=\"text\" id=\"gdrf_data_human\" name=\"gdrf_data_human\" required \/>\n\t\t\t<\/p>\n\n\t\t\t<p class=\"gdrf-field gdrf-field-submit\">\n\t\t\t\t<input id=\"gdrf-submit-button\" type=\"submit\" class=\"wp-element-button\" value=\"Envoyer la demande\" \/>\n\t\t\t<\/p>\n\t\t<\/form>\n\t\t\n","protected":false},"excerpt":{"rendered":"<p>Les donn\u00e9es personnelles d\u00e9tenues par Camping la Ch\u00eanaie le sont car vous avez eu une interaction avec la soci\u00e9t\u00e9 par le biais d\u2019un formulaire de contact, par t\u00e9l\u00e9phone ou par email. Les donn\u00e9es personnelles d\u00e9tenues par Camping la Ch\u00eanaie se limitent aux informations n\u00e9cessaires au traitement des demandes afin de r\u00e9aliser des devis, commandes, factures [&hellip;]<\/p>\n","protected":false},"author":1,"featured_media":0,"parent":0,"menu_order":0,"comment_status":"closed","ping_status":"closed","template":"","meta":{"_genesis_hide_title":false,"_genesis_hide_breadcrumbs":false,"_genesis_hide_singular_image":false,"_genesis_hide_footer_widgets":false,"_genesis_custom_body_class":"","_genesis_custom_post_class":"","_genesis_layout":"full-width-content","iawp_total_views":7,"footnotes":""},"class_list":{"0":"post-384","1":"page","2":"type-page","3":"status-publish","5":"entry"},"yoast_head":"<!-- This site is optimized with the Yoast SEO plugin v26.9 - https:\/\/yoast.com\/product\/yoast-seo-wordpress\/ -->\n<title>Norme RGPD sur la protection des donn\u00e9es priv\u00e9es - Camping La Ch\u00eanaie Laon Aisne (02) Picardie<\/title>\n<meta name=\"robots\" content=\"noindex, follow\" \/>\n<meta property=\"og:locale\" content=\"fr_FR\" \/>\n<meta property=\"og:type\" content=\"article\" \/>\n<meta property=\"og:title\" content=\"Norme RGPD sur la protection des donn\u00e9es priv\u00e9es - Camping La Ch\u00eanaie Laon Aisne (02) Picardie\" \/>\n<meta property=\"og:description\" content=\"Les donn\u00e9es personnelles d\u00e9tenues par Camping la Ch\u00eanaie le sont car vous avez eu une interaction avec la soci\u00e9t\u00e9 par le biais d\u2019un formulaire de contact, par t\u00e9l\u00e9phone ou par email. Les donn\u00e9es personnelles d\u00e9tenues par Camping la Ch\u00eanaie se limitent aux informations n\u00e9cessaires au traitement des demandes afin de r\u00e9aliser des devis, commandes, factures [&hellip;]\" \/>\n<meta property=\"og:url\" content=\"https:\/\/camping-aisne.fr\/index.php\/norme-rgpd-sur-la-protection-des-donnees-privees\/\" \/>\n<meta property=\"og:site_name\" content=\"Camping La Ch\u00eanaie Laon Aisne (02) Picardie\" \/>\n<meta property=\"article:modified_time\" content=\"2018-10-17T10:26:56+00:00\" \/>\n<meta name=\"twitter:card\" content=\"summary_large_image\" \/>\n<meta name=\"twitter:label1\" content=\"Dur\u00e9e de lecture estim\u00e9e\" \/>\n\t<meta name=\"twitter:data1\" content=\"2 minutes\" \/>\n<script type=\"application\/ld+json\" class=\"yoast-schema-graph\">{\"@context\":\"https:\/\/schema.org\",\"@graph\":[{\"@type\":\"WebPage\",\"@id\":\"https:\/\/camping-aisne.fr\/index.php\/norme-rgpd-sur-la-protection-des-donnees-privees\/\",\"url\":\"https:\/\/camping-aisne.fr\/index.php\/norme-rgpd-sur-la-protection-des-donnees-privees\/\",\"name\":\"Norme RGPD sur la protection des donn\u00e9es priv\u00e9es - Camping La Ch\u00eanaie Laon Aisne (02) Picardie\",\"isPartOf\":{\"@id\":\"https:\/\/camping-aisne.fr\/#website\"},\"datePublished\":\"2018-10-16T12:52:03+00:00\",\"dateModified\":\"2018-10-17T10:26:56+00:00\",\"breadcrumb\":{\"@id\":\"https:\/\/camping-aisne.fr\/index.php\/norme-rgpd-sur-la-protection-des-donnees-privees\/#breadcrumb\"},\"inLanguage\":\"fr-FR\",\"potentialAction\":[{\"@type\":\"ReadAction\",\"target\":[\"https:\/\/camping-aisne.fr\/index.php\/norme-rgpd-sur-la-protection-des-donnees-privees\/\"]}]},{\"@type\":\"BreadcrumbList\",\"@id\":\"https:\/\/camping-aisne.fr\/index.php\/norme-rgpd-sur-la-protection-des-donnees-privees\/#breadcrumb\",\"itemListElement\":[{\"@type\":\"ListItem\",\"position\":1,\"name\":\"Accueil\",\"item\":\"https:\/\/camping-aisne.fr\/\"},{\"@type\":\"ListItem\",\"position\":2,\"name\":\"Norme RGPD sur la protection des donn\u00e9es priv\u00e9es\"}]},{\"@type\":\"WebSite\",\"@id\":\"https:\/\/camping-aisne.fr\/#website\",\"url\":\"https:\/\/camping-aisne.fr\/\",\"name\":\"Camping La Ch\u00eanaie Laon Aisne (02) Picardie\",\"description\":\"Camping aisne picardie hauts de france nord\",\"potentialAction\":[{\"@type\":\"SearchAction\",\"target\":{\"@type\":\"EntryPoint\",\"urlTemplate\":\"https:\/\/camping-aisne.fr\/?s={search_term_string}\"},\"query-input\":{\"@type\":\"PropertyValueSpecification\",\"valueRequired\":true,\"valueName\":\"search_term_string\"}}],\"inLanguage\":\"fr-FR\"}]}<\/script>\n<!-- \/ Yoast SEO plugin. -->","yoast_head_json":{"title":"Norme RGPD sur la protection des donn\u00e9es priv\u00e9es - Camping La Ch\u00eanaie Laon Aisne (02) Picardie","robots":{"index":"noindex","follow":"follow"},"og_locale":"fr_FR","og_type":"article","og_title":"Norme RGPD sur la protection des donn\u00e9es priv\u00e9es - Camping La Ch\u00eanaie Laon Aisne (02) Picardie","og_description":"Les donn\u00e9es personnelles d\u00e9tenues par Camping la Ch\u00eanaie le sont car vous avez eu une interaction avec la soci\u00e9t\u00e9 par le biais d\u2019un formulaire de contact, par t\u00e9l\u00e9phone ou par email. Les donn\u00e9es personnelles d\u00e9tenues par Camping la Ch\u00eanaie se limitent aux informations n\u00e9cessaires au traitement des demandes afin de r\u00e9aliser des devis, commandes, factures [&hellip;]","og_url":"https:\/\/camping-aisne.fr\/index.php\/norme-rgpd-sur-la-protection-des-donnees-privees\/","og_site_name":"Camping La Ch\u00eanaie Laon Aisne (02) Picardie","article_modified_time":"2018-10-17T10:26:56+00:00","twitter_card":"summary_large_image","twitter_misc":{"Dur\u00e9e de lecture estim\u00e9e":"2 minutes"},"schema":{"@context":"https:\/\/schema.org","@graph":[{"@type":"WebPage","@id":"https:\/\/camping-aisne.fr\/index.php\/norme-rgpd-sur-la-protection-des-donnees-privees\/","url":"https:\/\/camping-aisne.fr\/index.php\/norme-rgpd-sur-la-protection-des-donnees-privees\/","name":"Norme RGPD sur la protection des donn\u00e9es priv\u00e9es - Camping La Ch\u00eanaie Laon Aisne (02) Picardie","isPartOf":{"@id":"https:\/\/camping-aisne.fr\/#website"},"datePublished":"2018-10-16T12:52:03+00:00","dateModified":"2018-10-17T10:26:56+00:00","breadcrumb":{"@id":"https:\/\/camping-aisne.fr\/index.php\/norme-rgpd-sur-la-protection-des-donnees-privees\/#breadcrumb"},"inLanguage":"fr-FR","potentialAction":[{"@type":"ReadAction","target":["https:\/\/camping-aisne.fr\/index.php\/norme-rgpd-sur-la-protection-des-donnees-privees\/"]}]},{"@type":"BreadcrumbList","@id":"https:\/\/camping-aisne.fr\/index.php\/norme-rgpd-sur-la-protection-des-donnees-privees\/#breadcrumb","itemListElement":[{"@type":"ListItem","position":1,"name":"Accueil","item":"https:\/\/camping-aisne.fr\/"},{"@type":"ListItem","position":2,"name":"Norme RGPD sur la protection des donn\u00e9es priv\u00e9es"}]},{"@type":"WebSite","@id":"https:\/\/camping-aisne.fr\/#website","url":"https:\/\/camping-aisne.fr\/","name":"Camping La Ch\u00eanaie Laon Aisne (02) Picardie","description":"Camping aisne picardie hauts de france nord","potentialAction":[{"@type":"SearchAction","target":{"@type":"EntryPoint","urlTemplate":"https:\/\/camping-aisne.fr\/?s={search_term_string}"},"query-input":{"@type":"PropertyValueSpecification","valueRequired":true,"valueName":"search_term_string"}}],"inLanguage":"fr-FR"}]}},"_links":{"self":[{"href":"https:\/\/camping-aisne.fr\/index.php\/wp-json\/wp\/v2\/pages\/384","targetHints":{"allow":["GET"]}}],"collection":[{"href":"https:\/\/camping-aisne.fr\/index.php\/wp-json\/wp\/v2\/pages"}],"about":[{"href":"https:\/\/camping-aisne.fr\/index.php\/wp-json\/wp\/v2\/types\/page"}],"author":[{"embeddable":true,"href":"https:\/\/camping-aisne.fr\/index.php\/wp-json\/wp\/v2\/users\/1"}],"replies":[{"embeddable":true,"href":"https:\/\/camping-aisne.fr\/index.php\/wp-json\/wp\/v2\/comments?post=384"}],"version-history":[{"count":3,"href":"https:\/\/camping-aisne.fr\/index.php\/wp-json\/wp\/v2\/pages\/384\/revisions"}],"predecessor-version":[{"id":396,"href":"https:\/\/camping-aisne.fr\/index.php\/wp-json\/wp\/v2\/pages\/384\/revisions\/396"}],"wp:attachment":[{"href":"https:\/\/camping-aisne.fr\/index.php\/wp-json\/wp\/v2\/media?parent=384"}],"curies":[{"name":"wp","href":"https:\/\/api.w.org\/{rel}","templated":true}]}}