{"id":55,"date":"2016-09-09T06:13:04","date_gmt":"2016-09-09T05:13:04","guid":{"rendered":"http:\/\/camping-aisne.fr\/?page_id=55"},"modified":"2018-10-16T14:40:53","modified_gmt":"2018-10-16T13:40:53","slug":"contact-et-plan-camping-la-chenaie-a-laon-02-aisne-picardie","status":"publish","type":"page","link":"https:\/\/camping-aisne.fr\/index.php\/contact-et-plan-camping-la-chenaie-a-laon-02-aisne-picardie\/","title":{"rendered":"Camping La Ch\u00eanaie"},"content":{"rendered":"<p>Le camping est situ\u00e9 \u00e0 Laon dans le d\u00e9partement de l&rsquo;Aisne en r\u00e9gion Picardie, berceau de la France avec ses cath\u00e9drales, ses monuments historiques, mais aussi ses souvenirs de la Grande Guerre de 14-18.<\/p>\n<p>De nombreuses visites touristiques s&rsquo;imposent&#8230;<\/p>\n<p style=\"text-align: left;\"><span style=\"text-align: left;\">Proche de la sortie de l&rsquo;A26, \u00ab\u00a0l&rsquo;autoroute des Anglais\u00a0\u00bb,\u00a0<\/span>\u00e0 1h de la fronti\u00e8re belge, 2h de Calais et 1h30 de Paris.<\/p>\n<h2 style=\"text-align: center;\"><span style=\"color: #008000;\"><strong>POUR VENIR :<\/strong><\/span><\/h2>\n<h3 style=\"text-align: left;\"><strong><span style=\"color: #008000;\">Adresse :\u00a0<\/span><\/strong><\/h3>\n<p>Camping La Ch\u00eanaie<\/p>\n<p style=\"text-align: left;\">All\u00e9e de la Ch\u00eanaie<\/p>\n<p style=\"text-align: left;\">02000 LAON<\/p>\n<h3><\/h3>\n<h3 style=\"text-align: left;\"><span style=\"color: #008000;\"><strong>Nous t\u00e9l\u00e9phoner :<\/strong><\/span><\/h3>\n<p style=\"text-align: left;\">T\u00e9l : 0033 (0)3 23 23 38 63<\/p>\n<h3 style=\"text-align: left;\"><strong><span style=\"color: #008000;\">Coordonn\u00e9es GPS :<\/span><\/strong><\/h3>\n<p style=\"text-align: left;\">Latitude N 49\u00b0 33&prime; 35.036\u00a0\u00bb<\/p>\n<p style=\"text-align: left;\">Longitude E 3\u00b0 35&prime; 53.962\u00a0\u00bb<\/p>\n<p style=\"text-align: center;\"><a href=\"https:\/\/www.google.fr\/maps\/place\/Camping+La+Ch%C3%AAnaie\/@49.7104955,2.2382713,7.36z\/data=!4m12!1m6!3m5!1s0x47e84b79447dec53:0x3d36134e573c4965!2sCamping+La+Ch%C3%AAnaie!8m2!3d49.5629478!4d3.5944276!3m4!1s0x47e84b79447dec53:0x3d36134e573c4965!8m2!3d49.5629478!4d3.5944276?hl=fr\" target=\"_blank\" rel=\"noopener noreferrer\"><img loading=\"lazy\" decoding=\"async\" class=\"aligncenter wp-image-181 size-full\" src=\"https:\/\/camping-aisne.fr\/wp-content\/uploads\/2016\/09\/plan-camping-la-chenaie-laon-aisne-picardie-hauts-de-france-nord.png\" alt=\"plan-camping-la-chenaie-laon-aisne-picardie-hauts-de-france-nord\" width=\"894\" height=\"561\" srcset=\"https:\/\/camping-aisne.fr\/wp-content\/uploads\/2016\/09\/plan-camping-la-chenaie-laon-aisne-picardie-hauts-de-france-nord.png 894w, https:\/\/camping-aisne.fr\/wp-content\/uploads\/2016\/09\/plan-camping-la-chenaie-laon-aisne-picardie-hauts-de-france-nord-300x188.png 300w, https:\/\/camping-aisne.fr\/wp-content\/uploads\/2016\/09\/plan-camping-la-chenaie-laon-aisne-picardie-hauts-de-france-nord-768x482.png 768w\" sizes=\"auto, (max-width: 894px) 100vw, 894px\" \/><\/a><\/p>\n<p><a href=\"https:\/\/www.google.fr\/maps\/dir\/\/Camping+La+Ch%C3%AAnaie,+All%C3%A9e+de+la+Ch%C3%AAnaie,+02000+Laon\/@49.5571991,3.6058289,3336m\/data=!3m1!1e3!4m9!4m8!1m0!1m5!1m1!1s0x47e84b79447dec53:0x3d36134e573c4965!2m2!1d3.5944276!2d49.5629478!3e2\"><img loading=\"lazy\" decoding=\"async\" class=\"aligncenter size-full wp-image-372\" src=\"https:\/\/camping-aisne.fr\/wp-content\/uploads\/2018\/08\/Sans-titre.jpg\" alt=\"\" width=\"998\" height=\"653\" srcset=\"https:\/\/camping-aisne.fr\/wp-content\/uploads\/2018\/08\/Sans-titre.jpg 998w, https:\/\/camping-aisne.fr\/wp-content\/uploads\/2018\/08\/Sans-titre-300x196.jpg 300w, https:\/\/camping-aisne.fr\/wp-content\/uploads\/2018\/08\/Sans-titre-768x503.jpg 768w\" sizes=\"auto, (max-width: 998px) 100vw, 998px\" \/><\/a><\/p>\n<p style=\"text-align: left;\"><a href=\"https:\/\/www.google.fr\/maps\/dir\/\/Camping+La+Ch%C3%AAnaie,+All%C3%A9e+de+la+Ch%C3%AAnaie,+02000+Laon\/@49.5571991,3.6058289,3336m\/data=!3m1!1e3!4m9!4m8!1m0!1m5!1m1!1s0x47e84b79447dec53:0x3d36134e573c4965!2m2!1d3.5944276!2d49.5629478!3e2\"><img loading=\"lazy\" decoding=\"async\" class=\"aligncenter size-full wp-image-374\" src=\"https:\/\/camping-aisne.fr\/wp-content\/uploads\/2018\/08\/PLAN-SATELLITE-CAMPING-CAMPSITE-LAON-AISNE-PICARDIE-ROUTE-CHEMIN-INDICATION.jpg\" alt=\"\" width=\"1608\" height=\"840\" srcset=\"https:\/\/camping-aisne.fr\/wp-content\/uploads\/2018\/08\/PLAN-SATELLITE-CAMPING-CAMPSITE-LAON-AISNE-PICARDIE-ROUTE-CHEMIN-INDICATION.jpg 1608w, https:\/\/camping-aisne.fr\/wp-content\/uploads\/2018\/08\/PLAN-SATELLITE-CAMPING-CAMPSITE-LAON-AISNE-PICARDIE-ROUTE-CHEMIN-INDICATION-300x157.jpg 300w, https:\/\/camping-aisne.fr\/wp-content\/uploads\/2018\/08\/PLAN-SATELLITE-CAMPING-CAMPSITE-LAON-AISNE-PICARDIE-ROUTE-CHEMIN-INDICATION-768x401.jpg 768w, https:\/\/camping-aisne.fr\/wp-content\/uploads\/2018\/08\/PLAN-SATELLITE-CAMPING-CAMPSITE-LAON-AISNE-PICARDIE-ROUTE-CHEMIN-INDICATION-1024x535.jpg 1024w\" sizes=\"auto, (max-width: 1608px) 100vw, 1608px\" \/><\/a><\/p>\n<p><strong>Demande de renseignements<\/strong><\/p>\n<p style=\"text-align: left;\">\n<div class=\"wpcf7 no-js\" id=\"wpcf7-f388-o1\" lang=\"fr-FR\" dir=\"ltr\" data-wpcf7-id=\"388\">\n<div class=\"screen-reader-response\"><p role=\"status\" aria-live=\"polite\" aria-atomic=\"true\"><\/p> <ul><\/ul><\/div>\n<form action=\"\/index.php\/wp-json\/wp\/v2\/pages\/55#wpcf7-f388-o1\" method=\"post\" class=\"wpcf7-form init\" aria-label=\"Formulaire de contact\" novalidate=\"novalidate\" data-status=\"init\">\n<fieldset class=\"hidden-fields-container\"><input type=\"hidden\" name=\"_wpcf7\" value=\"388\" \/><input type=\"hidden\" name=\"_wpcf7_version\" value=\"6.1.5\" \/><input type=\"hidden\" name=\"_wpcf7_locale\" value=\"fr_FR\" \/><input type=\"hidden\" name=\"_wpcf7_unit_tag\" value=\"wpcf7-f388-o1\" \/><input type=\"hidden\" name=\"_wpcf7_container_post\" value=\"0\" \/><input type=\"hidden\" name=\"_wpcf7_posted_data_hash\" value=\"\" \/>\n<\/fieldset>\n<p><label> Votre nom (obligatoire)<br \/>\n<span class=\"wpcf7-form-control-wrap\" data-name=\"your-name\"><input size=\"40\" maxlength=\"400\" class=\"wpcf7-form-control wpcf7-text wpcf7-validates-as-required\" aria-required=\"true\" aria-invalid=\"false\" value=\"\" type=\"text\" name=\"your-name\" \/><\/span> <\/label>\n<\/p>\n<p><label> Votre adresse de messagerie (obligatoire)<br \/>\n<span class=\"wpcf7-form-control-wrap\" data-name=\"your-email\"><input size=\"40\" maxlength=\"400\" class=\"wpcf7-form-control wpcf7-email wpcf7-validates-as-required wpcf7-text wpcf7-validates-as-email\" aria-required=\"true\" aria-invalid=\"false\" value=\"\" type=\"email\" name=\"your-email\" \/><\/span> <\/label>\n<\/p>\n<p>En cochant la case ci-dessous, vous affirmez avoir pris connaissance de notre <a href=\"https:\/\/camping-aisne.fr\/index.php\/norme-rgpd-sur-la-protection-des-donnees-privees\/\" target=\"_blank\" rel=\"noopener noreferrer\">politique de confidentialit\u00e9<\/a> sur la protection des donn\u00e9es priv\u00e9es rendu obligatoire par la norme RGPD entr\u00e9e en viguer le 25 mai 2018\n<\/p>\n<p><span class=\"wpcf7-form-control-wrap\" data-name=\"checkbox-302\"><span class=\"wpcf7-form-control wpcf7-checkbox wpcf7-validates-as-required\"><span class=\"wpcf7-list-item first last\"><input type=\"checkbox\" name=\"checkbox-302[]\" value=\"RGDP (obligatoire)\" \/><span class=\"wpcf7-list-item-label\">RGDP (obligatoire)<\/span><\/span><\/span><\/span>\n<\/p>\n<p><label> Votre message<br \/>\n<span class=\"wpcf7-form-control-wrap\" data-name=\"your-message\"><textarea cols=\"40\" rows=\"10\" maxlength=\"2000\" class=\"wpcf7-form-control wpcf7-textarea\" aria-invalid=\"false\" name=\"your-message\"><\/textarea><\/span> <\/label>\n<\/p>\n<p><span id=\"wpcf7-69f1e5fe496e1-wrapper\" class=\"wpcf7-form-control-wrap honeypot-380-wrap\" style=\"display:none !important; visibility:hidden !important;\"><input type=\"hidden\" name=\"honeypot-380-time-start\" value=\"1777460734\"><input type=\"hidden\" name=\"honeypot-380-time-check\" value=\"5\"><label for=\"wpcf7-69f1e5fe496e1-field\" class=\"hp-message\">Veuillez laisser ce champ vide.<\/label><input id=\"wpcf7-69f1e5fe496e1-field\"  class=\"wpcf7-form-control wpcf7-text\" type=\"text\" name=\"honeypot-380\" value=\"\" size=\"40\" tabindex=\"-1\" autocomplete=\"new-password\" \/><\/span>\n<\/p>\n<p><input class=\"wpcf7-form-control wpcf7-submit has-spinner\" type=\"submit\" value=\"Envoyer\" \/>\n<\/p><p style=\"display: none !important;\" class=\"akismet-fields-container\" data-prefix=\"_wpcf7_ak_\"><label>&#916;<textarea name=\"_wpcf7_ak_hp_textarea\" cols=\"45\" rows=\"8\" maxlength=\"100\"><\/textarea><\/label><input type=\"hidden\" id=\"ak_js_1\" name=\"_wpcf7_ak_js\" value=\"50\"\/><script>document.getElementById( \"ak_js_1\" ).setAttribute( \"value\", ( new Date() ).getTime() );<\/script><\/p><input type='hidden' class='wpcf7-pum' value='{\"closepopup\":false,\"closedelay\":0,\"openpopup\":false,\"openpopup_id\":0}' \/><div class=\"wpcf7-response-output\" aria-hidden=\"true\"><\/div>\n<\/form>\n<\/div>\n<\/p>\n","protected":false},"excerpt":{"rendered":"<p>Le camping est situ\u00e9 \u00e0 Laon dans le d\u00e9partement de l&rsquo;Aisne en r\u00e9gion Picardie, berceau de la France avec ses cath\u00e9drales, ses monuments historiques, mais aussi ses souvenirs de la Grande Guerre de 14-18. De nombreuses visites touristiques s&rsquo;imposent&#8230; Proche de la sortie de l&rsquo;A26, \u00ab\u00a0l&rsquo;autoroute des Anglais\u00a0\u00bb,\u00a0\u00e0 1h de la fronti\u00e8re belge, 2h de [&hellip;]<\/p>\n","protected":false},"author":1,"featured_media":0,"parent":0,"menu_order":0,"comment_status":"closed","ping_status":"closed","template":"","meta":{"_genesis_hide_title":false,"_genesis_hide_breadcrumbs":false,"_genesis_hide_singular_image":false,"_genesis_hide_footer_widgets":false,"_genesis_custom_body_class":"","_genesis_custom_post_class":"","_genesis_layout":"","iawp_total_views":812,"footnotes":""},"class_list":{"0":"post-55","1":"page","2":"type-page","3":"status-publish","5":"entry"},"yoast_head":"<!-- This site is optimized with the Yoast SEO plugin v26.9 - https:\/\/yoast.com\/product\/yoast-seo-wordpress\/ -->\n<title>Camping La Ch\u00eanaie - Camping La Ch\u00eanaie Laon Aisne (02) Picardie<\/title>\n<meta name=\"robots\" content=\"index, follow, max-snippet:-1, max-image-preview:large, max-video-preview:-1\" \/>\n<link rel=\"canonical\" href=\"https:\/\/camping-aisne.fr\/index.php\/contact-et-plan-camping-la-chenaie-a-laon-02-aisne-picardie\/\" \/>\n<meta property=\"og:locale\" content=\"fr_FR\" \/>\n<meta property=\"og:type\" content=\"article\" \/>\n<meta property=\"og:title\" content=\"Camping La Ch\u00eanaie - Camping La Ch\u00eanaie Laon Aisne (02) Picardie\" \/>\n<meta property=\"og:description\" content=\"Le camping est situ\u00e9 \u00e0 Laon dans le d\u00e9partement de l&rsquo;Aisne en r\u00e9gion Picardie, berceau de la France avec ses cath\u00e9drales, ses monuments historiques, mais aussi ses souvenirs de la Grande Guerre de 14-18. De nombreuses visites touristiques s&rsquo;imposent&#8230; Proche de la sortie de l&rsquo;A26, \u00ab\u00a0l&rsquo;autoroute des Anglais\u00a0\u00bb,\u00a0\u00e0 1h de la fronti\u00e8re belge, 2h de [&hellip;]\" \/>\n<meta property=\"og:url\" content=\"https:\/\/camping-aisne.fr\/index.php\/contact-et-plan-camping-la-chenaie-a-laon-02-aisne-picardie\/\" \/>\n<meta property=\"og:site_name\" content=\"Camping La Ch\u00eanaie Laon Aisne (02) Picardie\" \/>\n<meta property=\"article:modified_time\" content=\"2018-10-16T13:40:53+00:00\" \/>\n<meta property=\"og:image\" content=\"https:\/\/camping-aisne.fr\/wp-content\/uploads\/2016\/09\/plan-camping-la-chenaie-laon-aisne-picardie-hauts-de-france-nord.png\" \/>\n<meta name=\"twitter:card\" content=\"summary_large_image\" \/>\n<meta name=\"twitter:label1\" content=\"Dur\u00e9e de lecture estim\u00e9e\" \/>\n\t<meta name=\"twitter:data1\" content=\"1 minute\" \/>\n<script type=\"application\/ld+json\" class=\"yoast-schema-graph\">{\"@context\":\"https:\/\/schema.org\",\"@graph\":[{\"@type\":\"WebPage\",\"@id\":\"https:\/\/camping-aisne.fr\/index.php\/contact-et-plan-camping-la-chenaie-a-laon-02-aisne-picardie\/\",\"url\":\"https:\/\/camping-aisne.fr\/index.php\/contact-et-plan-camping-la-chenaie-a-laon-02-aisne-picardie\/\",\"name\":\"Camping La Ch\u00eanaie - Camping La Ch\u00eanaie Laon Aisne (02) Picardie\",\"isPartOf\":{\"@id\":\"https:\/\/camping-aisne.fr\/#website\"},\"primaryImageOfPage\":{\"@id\":\"https:\/\/camping-aisne.fr\/index.php\/contact-et-plan-camping-la-chenaie-a-laon-02-aisne-picardie\/#primaryimage\"},\"image\":{\"@id\":\"https:\/\/camping-aisne.fr\/index.php\/contact-et-plan-camping-la-chenaie-a-laon-02-aisne-picardie\/#primaryimage\"},\"thumbnailUrl\":\"https:\/\/camping-aisne.fr\/wp-content\/uploads\/2016\/09\/plan-camping-la-chenaie-laon-aisne-picardie-hauts-de-france-nord.png\",\"datePublished\":\"2016-09-09T05:13:04+00:00\",\"dateModified\":\"2018-10-16T13:40:53+00:00\",\"breadcrumb\":{\"@id\":\"https:\/\/camping-aisne.fr\/index.php\/contact-et-plan-camping-la-chenaie-a-laon-02-aisne-picardie\/#breadcrumb\"},\"inLanguage\":\"fr-FR\",\"potentialAction\":[{\"@type\":\"ReadAction\",\"target\":[\"https:\/\/camping-aisne.fr\/index.php\/contact-et-plan-camping-la-chenaie-a-laon-02-aisne-picardie\/\"]}]},{\"@type\":\"ImageObject\",\"inLanguage\":\"fr-FR\",\"@id\":\"https:\/\/camping-aisne.fr\/index.php\/contact-et-plan-camping-la-chenaie-a-laon-02-aisne-picardie\/#primaryimage\",\"url\":\"https:\/\/camping-aisne.fr\/wp-content\/uploads\/2016\/09\/plan-camping-la-chenaie-laon-aisne-picardie-hauts-de-france-nord.png\",\"contentUrl\":\"https:\/\/camping-aisne.fr\/wp-content\/uploads\/2016\/09\/plan-camping-la-chenaie-laon-aisne-picardie-hauts-de-france-nord.png\",\"width\":894,\"height\":561,\"caption\":\"plan-camping-la-chenaie-laon-aisne-picardie-hauts-de-france-nord\"},{\"@type\":\"BreadcrumbList\",\"@id\":\"https:\/\/camping-aisne.fr\/index.php\/contact-et-plan-camping-la-chenaie-a-laon-02-aisne-picardie\/#breadcrumb\",\"itemListElement\":[{\"@type\":\"ListItem\",\"position\":1,\"name\":\"Accueil\",\"item\":\"https:\/\/camping-aisne.fr\/\"},{\"@type\":\"ListItem\",\"position\":2,\"name\":\"Camping La Ch\u00eanaie\"}]},{\"@type\":\"WebSite\",\"@id\":\"https:\/\/camping-aisne.fr\/#website\",\"url\":\"https:\/\/camping-aisne.fr\/\",\"name\":\"Camping La Ch\u00eanaie Laon Aisne (02) Picardie\",\"description\":\"Camping aisne picardie hauts de france nord\",\"potentialAction\":[{\"@type\":\"SearchAction\",\"target\":{\"@type\":\"EntryPoint\",\"urlTemplate\":\"https:\/\/camping-aisne.fr\/?s={search_term_string}\"},\"query-input\":{\"@type\":\"PropertyValueSpecification\",\"valueRequired\":true,\"valueName\":\"search_term_string\"}}],\"inLanguage\":\"fr-FR\"}]}<\/script>\n<!-- \/ Yoast SEO plugin. -->","yoast_head_json":{"title":"Camping La Ch\u00eanaie - Camping La Ch\u00eanaie Laon Aisne (02) Picardie","robots":{"index":"index","follow":"follow","max-snippet":"max-snippet:-1","max-image-preview":"max-image-preview:large","max-video-preview":"max-video-preview:-1"},"canonical":"https:\/\/camping-aisne.fr\/index.php\/contact-et-plan-camping-la-chenaie-a-laon-02-aisne-picardie\/","og_locale":"fr_FR","og_type":"article","og_title":"Camping La Ch\u00eanaie - Camping La Ch\u00eanaie Laon Aisne (02) Picardie","og_description":"Le camping est situ\u00e9 \u00e0 Laon dans le d\u00e9partement de l&rsquo;Aisne en r\u00e9gion Picardie, berceau de la France avec ses cath\u00e9drales, ses monuments historiques, mais aussi ses souvenirs de la Grande Guerre de 14-18. De nombreuses visites touristiques s&rsquo;imposent&#8230; Proche de la sortie de l&rsquo;A26, \u00ab\u00a0l&rsquo;autoroute des Anglais\u00a0\u00bb,\u00a0\u00e0 1h de la fronti\u00e8re belge, 2h de [&hellip;]","og_url":"https:\/\/camping-aisne.fr\/index.php\/contact-et-plan-camping-la-chenaie-a-laon-02-aisne-picardie\/","og_site_name":"Camping La Ch\u00eanaie Laon Aisne (02) Picardie","article_modified_time":"2018-10-16T13:40:53+00:00","og_image":[{"url":"https:\/\/camping-aisne.fr\/wp-content\/uploads\/2016\/09\/plan-camping-la-chenaie-laon-aisne-picardie-hauts-de-france-nord.png","type":"","width":"","height":""}],"twitter_card":"summary_large_image","twitter_misc":{"Dur\u00e9e de lecture estim\u00e9e":"1 minute"},"schema":{"@context":"https:\/\/schema.org","@graph":[{"@type":"WebPage","@id":"https:\/\/camping-aisne.fr\/index.php\/contact-et-plan-camping-la-chenaie-a-laon-02-aisne-picardie\/","url":"https:\/\/camping-aisne.fr\/index.php\/contact-et-plan-camping-la-chenaie-a-laon-02-aisne-picardie\/","name":"Camping La Ch\u00eanaie - Camping La Ch\u00eanaie Laon Aisne (02) Picardie","isPartOf":{"@id":"https:\/\/camping-aisne.fr\/#website"},"primaryImageOfPage":{"@id":"https:\/\/camping-aisne.fr\/index.php\/contact-et-plan-camping-la-chenaie-a-laon-02-aisne-picardie\/#primaryimage"},"image":{"@id":"https:\/\/camping-aisne.fr\/index.php\/contact-et-plan-camping-la-chenaie-a-laon-02-aisne-picardie\/#primaryimage"},"thumbnailUrl":"https:\/\/camping-aisne.fr\/wp-content\/uploads\/2016\/09\/plan-camping-la-chenaie-laon-aisne-picardie-hauts-de-france-nord.png","datePublished":"2016-09-09T05:13:04+00:00","dateModified":"2018-10-16T13:40:53+00:00","breadcrumb":{"@id":"https:\/\/camping-aisne.fr\/index.php\/contact-et-plan-camping-la-chenaie-a-laon-02-aisne-picardie\/#breadcrumb"},"inLanguage":"fr-FR","potentialAction":[{"@type":"ReadAction","target":["https:\/\/camping-aisne.fr\/index.php\/contact-et-plan-camping-la-chenaie-a-laon-02-aisne-picardie\/"]}]},{"@type":"ImageObject","inLanguage":"fr-FR","@id":"https:\/\/camping-aisne.fr\/index.php\/contact-et-plan-camping-la-chenaie-a-laon-02-aisne-picardie\/#primaryimage","url":"https:\/\/camping-aisne.fr\/wp-content\/uploads\/2016\/09\/plan-camping-la-chenaie-laon-aisne-picardie-hauts-de-france-nord.png","contentUrl":"https:\/\/camping-aisne.fr\/wp-content\/uploads\/2016\/09\/plan-camping-la-chenaie-laon-aisne-picardie-hauts-de-france-nord.png","width":894,"height":561,"caption":"plan-camping-la-chenaie-laon-aisne-picardie-hauts-de-france-nord"},{"@type":"BreadcrumbList","@id":"https:\/\/camping-aisne.fr\/index.php\/contact-et-plan-camping-la-chenaie-a-laon-02-aisne-picardie\/#breadcrumb","itemListElement":[{"@type":"ListItem","position":1,"name":"Accueil","item":"https:\/\/camping-aisne.fr\/"},{"@type":"ListItem","position":2,"name":"Camping La Ch\u00eanaie"}]},{"@type":"WebSite","@id":"https:\/\/camping-aisne.fr\/#website","url":"https:\/\/camping-aisne.fr\/","name":"Camping La Ch\u00eanaie Laon Aisne (02) Picardie","description":"Camping aisne picardie hauts de france nord","potentialAction":[{"@type":"SearchAction","target":{"@type":"EntryPoint","urlTemplate":"https:\/\/camping-aisne.fr\/?s={search_term_string}"},"query-input":{"@type":"PropertyValueSpecification","valueRequired":true,"valueName":"search_term_string"}}],"inLanguage":"fr-FR"}]}},"_links":{"self":[{"href":"https:\/\/camping-aisne.fr\/index.php\/wp-json\/wp\/v2\/pages\/55","targetHints":{"allow":["GET"]}}],"collection":[{"href":"https:\/\/camping-aisne.fr\/index.php\/wp-json\/wp\/v2\/pages"}],"about":[{"href":"https:\/\/camping-aisne.fr\/index.php\/wp-json\/wp\/v2\/types\/page"}],"author":[{"embeddable":true,"href":"https:\/\/camping-aisne.fr\/index.php\/wp-json\/wp\/v2\/users\/1"}],"replies":[{"embeddable":true,"href":"https:\/\/camping-aisne.fr\/index.php\/wp-json\/wp\/v2\/comments?post=55"}],"version-history":[{"count":18,"href":"https:\/\/camping-aisne.fr\/index.php\/wp-json\/wp\/v2\/pages\/55\/revisions"}],"predecessor-version":[{"id":246,"href":"https:\/\/camping-aisne.fr\/index.php\/wp-json\/wp\/v2\/pages\/55\/revisions\/246"}],"wp:attachment":[{"href":"https:\/\/camping-aisne.fr\/index.php\/wp-json\/wp\/v2\/media?parent=55"}],"curies":[{"name":"wp","href":"https:\/\/api.w.org\/{rel}","templated":true}]}}