{"id":64,"date":"2016-09-09T06:20:20","date_gmt":"2016-09-09T05:20:20","guid":{"rendered":"http:\/\/camping-aisne.fr\/?page_id=64"},"modified":"2022-04-07T08:11:20","modified_gmt":"2022-04-07T07:11:20","slug":"piscine-couverte-du-camping-la-chenaie","status":"publish","type":"page","link":"https:\/\/camping-aisne.fr\/index.php\/piscine-couverte-du-camping-la-chenaie\/","title":{"rendered":"LA PISCINE !"},"content":{"rendered":"<h1><\/h1>\n<h1 style=\"text-align: center;\"><span style=\"color: #008080;\">Piscine couverte et chauff\u00e9e !<\/span><\/h1>\n<p><img loading=\"lazy\" decoding=\"async\" class=\"aligncenter wp-image-313 size-large\" src=\"https:\/\/camping-aisne.fr\/wp-content\/uploads\/2018\/08\/IcccccoMG_20180626_115642-01-1024x768.jpeg\" alt=\"\" width=\"1024\" height=\"768\" srcset=\"https:\/\/camping-aisne.fr\/wp-content\/uploads\/2018\/08\/IcccccoMG_20180626_115642-01-1024x768.jpeg 1024w, https:\/\/camping-aisne.fr\/wp-content\/uploads\/2018\/08\/IcccccoMG_20180626_115642-01-300x225.jpeg 300w, https:\/\/camping-aisne.fr\/wp-content\/uploads\/2018\/08\/IcccccoMG_20180626_115642-01-768x576.jpeg 768w\" sizes=\"auto, (max-width: 1024px) 100vw, 1024px\" \/><\/p>\n<p>Notre piscine couverte et chauff\u00e9e en saison comprend :<\/p>\n<ul>\n<li>un<strong> petit bassin<\/strong> peu profond pour les petits (0.40 cm)<\/li>\n<li>un <strong>grand bassin<\/strong>\u00a0 fera le bonheur des plus grands (1.50 m)<\/li>\n<\/ul>\n<p>Quelques informations :<\/p>\n<ul>\n<li>La piscine ouvre \u00e0 <strong>10 heures<\/strong> et ferme \u00e0 <strong>19 heures.\u00a0<\/strong><\/li>\n<li>Elle est accessible du <strong>1er avril<\/strong> au <strong>30 septembre<\/strong>.<\/li>\n<\/ul>\n<h2 style=\"text-align: center;\"><span style=\"color: #008080;\">Bassins accessibles par un chemin\u00a0<\/span><\/h2>\n<figure id=\"attachment_315\" aria-describedby=\"caption-attachment-315\" style=\"width: 943px\" class=\"wp-caption aligncenter\"><img loading=\"lazy\" decoding=\"async\" class=\"wp-image-315 size-large\" src=\"https:\/\/camping-aisne.fr\/wp-content\/uploads\/2018\/08\/iPiccy-collage2564-e1535563976413-943x1024.jpg\" alt=\"\" width=\"943\" height=\"1024\" srcset=\"https:\/\/camping-aisne.fr\/wp-content\/uploads\/2018\/08\/iPiccy-collage2564-e1535563976413-943x1024.jpg 943w, https:\/\/camping-aisne.fr\/wp-content\/uploads\/2018\/08\/iPiccy-collage2564-e1535563976413-276x300.jpg 276w, https:\/\/camping-aisne.fr\/wp-content\/uploads\/2018\/08\/iPiccy-collage2564-e1535563976413-768x834.jpg 768w, https:\/\/camping-aisne.fr\/wp-content\/uploads\/2018\/08\/iPiccy-collage2564-e1535563976413.jpg 1841w\" sizes=\"auto, (max-width: 943px) 100vw, 943px\" \/><figcaption id=\"caption-attachment-315\" class=\"wp-caption-text\">Photos prises en avril 2018<\/figcaption><\/figure>\n<h2 style=\"text-align: center;\"><span style=\"color: #008080;\">Suivez les fl\u00e8ches\u00a0!<\/span><\/h2>\n<figure id=\"attachment_316\" aria-describedby=\"caption-attachment-316\" style=\"width: 1024px\" class=\"wp-caption aligncenter\"><img loading=\"lazy\" decoding=\"async\" class=\"wp-image-316 size-large\" src=\"https:\/\/camping-aisne.fr\/wp-content\/uploads\/2018\/08\/IMG_20180823_161914-01-e1535564237528-1024x714.jpeg\" alt=\"\" width=\"1024\" height=\"714\" srcset=\"https:\/\/camping-aisne.fr\/wp-content\/uploads\/2018\/08\/IMG_20180823_161914-01-e1535564237528-1024x714.jpeg 1024w, https:\/\/camping-aisne.fr\/wp-content\/uploads\/2018\/08\/IMG_20180823_161914-01-e1535564237528-300x209.jpeg 300w, https:\/\/camping-aisne.fr\/wp-content\/uploads\/2018\/08\/IMG_20180823_161914-01-e1535564237528-768x535.jpeg 768w\" sizes=\"auto, (max-width: 1024px) 100vw, 1024px\" \/><figcaption id=\"caption-attachment-316\" class=\"wp-caption-text\">Photo prise en ao\u00fbt 2018<\/figcaption><\/figure>\n<p><span style=\"color: #800000;\"><strong>A SAVOIR :<\/strong><\/span> Les enfants de moins de 8 ans doivent obligatoirement \u00eatre accompagn\u00e9s d&rsquo;un adulte car il n&rsquo;y a pas de ma\u00eetre nageur.<\/p>\n<p style=\"text-align: center;\">Alors munissez-vous de votre maillot de bain f\u00e9tiche et <strong>bonne baignade<\/strong> !<\/p>\n","protected":false},"excerpt":{"rendered":"<p>Piscine couverte et chauff\u00e9e ! Notre piscine couverte et chauff\u00e9e en saison comprend : un petit bassin peu profond pour les petits (0.40 cm) un grand bassin\u00a0 fera le bonheur des plus grands (1.50 m) Quelques informations : La piscine ouvre \u00e0 10 heures et ferme \u00e0 19 heures.\u00a0 Elle est accessible du 1er avril [&hellip;]<\/p>\n","protected":false},"author":1,"featured_media":0,"parent":0,"menu_order":0,"comment_status":"closed","ping_status":"closed","template":"","meta":{"_genesis_hide_title":false,"_genesis_hide_breadcrumbs":false,"_genesis_hide_singular_image":false,"_genesis_hide_footer_widgets":false,"_genesis_custom_body_class":"","_genesis_custom_post_class":"","_genesis_layout":"","iawp_total_views":353,"footnotes":""},"class_list":{"0":"post-64","1":"page","2":"type-page","3":"status-publish","5":"entry"},"yoast_head":"<!-- This site is optimized with the Yoast SEO plugin v26.9 - https:\/\/yoast.com\/product\/yoast-seo-wordpress\/ -->\n<title>LA PISCINE Camping la ch\u00eanaie dans l&#039;aisne \u00e0 laon<\/title>\n<meta name=\"description\" content=\"La piscine couverte et chauff\u00e9e en saison comprend un bassin peu profond pour les petits et un bassin de 1m50 avec jacuzzi et nage \u00e0 contre courant 02 Aisne\" \/>\n<meta name=\"robots\" content=\"index, follow, max-snippet:-1, max-image-preview:large, max-video-preview:-1\" \/>\n<link rel=\"canonical\" href=\"https:\/\/camping-aisne.fr\/index.php\/piscine-couverte-du-camping-la-chenaie\/\" \/>\n<meta property=\"og:locale\" content=\"fr_FR\" \/>\n<meta property=\"og:type\" content=\"article\" \/>\n<meta property=\"og:title\" content=\"LA PISCINE Camping la ch\u00eanaie dans l&#039;aisne \u00e0 laon\" \/>\n<meta property=\"og:description\" content=\"La piscine couverte et chauff\u00e9e en saison comprend un bassin peu profond pour les petits et un bassin de 1m50 avec jacuzzi et nage \u00e0 contre courant 02 Aisne\" \/>\n<meta property=\"og:url\" content=\"https:\/\/camping-aisne.fr\/index.php\/piscine-couverte-du-camping-la-chenaie\/\" \/>\n<meta property=\"og:site_name\" content=\"Camping La Ch\u00eanaie Laon Aisne (02) Picardie\" \/>\n<meta property=\"article:modified_time\" content=\"2022-04-07T07:11:20+00:00\" \/>\n<meta property=\"og:image\" content=\"https:\/\/camping-aisne.fr\/wp-content\/uploads\/2018\/08\/IcccccoMG_20180626_115642-01-1024x768.jpeg\" \/>\n<meta name=\"twitter:card\" content=\"summary_large_image\" \/>\n<meta name=\"twitter:label1\" content=\"Dur\u00e9e de lecture estim\u00e9e\" \/>\n\t<meta name=\"twitter:data1\" content=\"1 minute\" \/>\n<script type=\"application\/ld+json\" class=\"yoast-schema-graph\">{\"@context\":\"https:\/\/schema.org\",\"@graph\":[{\"@type\":\"WebPage\",\"@id\":\"https:\/\/camping-aisne.fr\/index.php\/piscine-couverte-du-camping-la-chenaie\/\",\"url\":\"https:\/\/camping-aisne.fr\/index.php\/piscine-couverte-du-camping-la-chenaie\/\",\"name\":\"LA PISCINE Camping la ch\u00eanaie dans l'aisne \u00e0 laon\",\"isPartOf\":{\"@id\":\"https:\/\/camping-aisne.fr\/#website\"},\"primaryImageOfPage\":{\"@id\":\"https:\/\/camping-aisne.fr\/index.php\/piscine-couverte-du-camping-la-chenaie\/#primaryimage\"},\"image\":{\"@id\":\"https:\/\/camping-aisne.fr\/index.php\/piscine-couverte-du-camping-la-chenaie\/#primaryimage\"},\"thumbnailUrl\":\"https:\/\/camping-aisne.fr\/wp-content\/uploads\/2018\/08\/IcccccoMG_20180626_115642-01-1024x768.jpeg\",\"datePublished\":\"2016-09-09T05:20:20+00:00\",\"dateModified\":\"2022-04-07T07:11:20+00:00\",\"description\":\"La piscine couverte et chauff\u00e9e en saison comprend un bassin peu profond pour les petits et un bassin de 1m50 avec jacuzzi et nage \u00e0 contre courant 02 Aisne\",\"breadcrumb\":{\"@id\":\"https:\/\/camping-aisne.fr\/index.php\/piscine-couverte-du-camping-la-chenaie\/#breadcrumb\"},\"inLanguage\":\"fr-FR\",\"potentialAction\":[{\"@type\":\"ReadAction\",\"target\":[\"https:\/\/camping-aisne.fr\/index.php\/piscine-couverte-du-camping-la-chenaie\/\"]}]},{\"@type\":\"ImageObject\",\"inLanguage\":\"fr-FR\",\"@id\":\"https:\/\/camping-aisne.fr\/index.php\/piscine-couverte-du-camping-la-chenaie\/#primaryimage\",\"url\":\"https:\/\/camping-aisne.fr\/wp-content\/uploads\/2018\/08\/IcccccoMG_20180626_115642-01.jpeg\",\"contentUrl\":\"https:\/\/camping-aisne.fr\/wp-content\/uploads\/2018\/08\/IcccccoMG_20180626_115642-01.jpeg\",\"width\":4160,\"height\":3120},{\"@type\":\"BreadcrumbList\",\"@id\":\"https:\/\/camping-aisne.fr\/index.php\/piscine-couverte-du-camping-la-chenaie\/#breadcrumb\",\"itemListElement\":[{\"@type\":\"ListItem\",\"position\":1,\"name\":\"Accueil\",\"item\":\"https:\/\/camping-aisne.fr\/\"},{\"@type\":\"ListItem\",\"position\":2,\"name\":\"LA PISCINE !\"}]},{\"@type\":\"WebSite\",\"@id\":\"https:\/\/camping-aisne.fr\/#website\",\"url\":\"https:\/\/camping-aisne.fr\/\",\"name\":\"Camping La Ch\u00eanaie Laon Aisne (02) Picardie\",\"description\":\"Camping aisne picardie hauts de france nord\",\"potentialAction\":[{\"@type\":\"SearchAction\",\"target\":{\"@type\":\"EntryPoint\",\"urlTemplate\":\"https:\/\/camping-aisne.fr\/?s={search_term_string}\"},\"query-input\":{\"@type\":\"PropertyValueSpecification\",\"valueRequired\":true,\"valueName\":\"search_term_string\"}}],\"inLanguage\":\"fr-FR\"}]}<\/script>\n<!-- \/ Yoast SEO plugin. -->","yoast_head_json":{"title":"LA PISCINE Camping la ch\u00eanaie dans l'aisne \u00e0 laon","description":"La piscine couverte et chauff\u00e9e en saison comprend un bassin peu profond pour les petits et un bassin de 1m50 avec jacuzzi et nage \u00e0 contre courant 02 Aisne","robots":{"index":"index","follow":"follow","max-snippet":"max-snippet:-1","max-image-preview":"max-image-preview:large","max-video-preview":"max-video-preview:-1"},"canonical":"https:\/\/camping-aisne.fr\/index.php\/piscine-couverte-du-camping-la-chenaie\/","og_locale":"fr_FR","og_type":"article","og_title":"LA PISCINE Camping la ch\u00eanaie dans l'aisne \u00e0 laon","og_description":"La piscine couverte et chauff\u00e9e en saison comprend un bassin peu profond pour les petits et un bassin de 1m50 avec jacuzzi et nage \u00e0 contre courant 02 Aisne","og_url":"https:\/\/camping-aisne.fr\/index.php\/piscine-couverte-du-camping-la-chenaie\/","og_site_name":"Camping La Ch\u00eanaie Laon Aisne (02) Picardie","article_modified_time":"2022-04-07T07:11:20+00:00","og_image":[{"url":"https:\/\/camping-aisne.fr\/wp-content\/uploads\/2018\/08\/IcccccoMG_20180626_115642-01-1024x768.jpeg","type":"","width":"","height":""}],"twitter_card":"summary_large_image","twitter_misc":{"Dur\u00e9e de lecture estim\u00e9e":"1 minute"},"schema":{"@context":"https:\/\/schema.org","@graph":[{"@type":"WebPage","@id":"https:\/\/camping-aisne.fr\/index.php\/piscine-couverte-du-camping-la-chenaie\/","url":"https:\/\/camping-aisne.fr\/index.php\/piscine-couverte-du-camping-la-chenaie\/","name":"LA PISCINE Camping la ch\u00eanaie dans l'aisne \u00e0 laon","isPartOf":{"@id":"https:\/\/camping-aisne.fr\/#website"},"primaryImageOfPage":{"@id":"https:\/\/camping-aisne.fr\/index.php\/piscine-couverte-du-camping-la-chenaie\/#primaryimage"},"image":{"@id":"https:\/\/camping-aisne.fr\/index.php\/piscine-couverte-du-camping-la-chenaie\/#primaryimage"},"thumbnailUrl":"https:\/\/camping-aisne.fr\/wp-content\/uploads\/2018\/08\/IcccccoMG_20180626_115642-01-1024x768.jpeg","datePublished":"2016-09-09T05:20:20+00:00","dateModified":"2022-04-07T07:11:20+00:00","description":"La piscine couverte et chauff\u00e9e en saison comprend un bassin peu profond pour les petits et un bassin de 1m50 avec jacuzzi et nage \u00e0 contre courant 02 Aisne","breadcrumb":{"@id":"https:\/\/camping-aisne.fr\/index.php\/piscine-couverte-du-camping-la-chenaie\/#breadcrumb"},"inLanguage":"fr-FR","potentialAction":[{"@type":"ReadAction","target":["https:\/\/camping-aisne.fr\/index.php\/piscine-couverte-du-camping-la-chenaie\/"]}]},{"@type":"ImageObject","inLanguage":"fr-FR","@id":"https:\/\/camping-aisne.fr\/index.php\/piscine-couverte-du-camping-la-chenaie\/#primaryimage","url":"https:\/\/camping-aisne.fr\/wp-content\/uploads\/2018\/08\/IcccccoMG_20180626_115642-01.jpeg","contentUrl":"https:\/\/camping-aisne.fr\/wp-content\/uploads\/2018\/08\/IcccccoMG_20180626_115642-01.jpeg","width":4160,"height":3120},{"@type":"BreadcrumbList","@id":"https:\/\/camping-aisne.fr\/index.php\/piscine-couverte-du-camping-la-chenaie\/#breadcrumb","itemListElement":[{"@type":"ListItem","position":1,"name":"Accueil","item":"https:\/\/camping-aisne.fr\/"},{"@type":"ListItem","position":2,"name":"LA PISCINE !"}]},{"@type":"WebSite","@id":"https:\/\/camping-aisne.fr\/#website","url":"https:\/\/camping-aisne.fr\/","name":"Camping La Ch\u00eanaie Laon Aisne (02) Picardie","description":"Camping aisne picardie hauts de france nord","potentialAction":[{"@type":"SearchAction","target":{"@type":"EntryPoint","urlTemplate":"https:\/\/camping-aisne.fr\/?s={search_term_string}"},"query-input":{"@type":"PropertyValueSpecification","valueRequired":true,"valueName":"search_term_string"}}],"inLanguage":"fr-FR"}]}},"_links":{"self":[{"href":"https:\/\/camping-aisne.fr\/index.php\/wp-json\/wp\/v2\/pages\/64","targetHints":{"allow":["GET"]}}],"collection":[{"href":"https:\/\/camping-aisne.fr\/index.php\/wp-json\/wp\/v2\/pages"}],"about":[{"href":"https:\/\/camping-aisne.fr\/index.php\/wp-json\/wp\/v2\/types\/page"}],"author":[{"embeddable":true,"href":"https:\/\/camping-aisne.fr\/index.php\/wp-json\/wp\/v2\/users\/1"}],"replies":[{"embeddable":true,"href":"https:\/\/camping-aisne.fr\/index.php\/wp-json\/wp\/v2\/comments?post=64"}],"version-history":[{"count":15,"href":"https:\/\/camping-aisne.fr\/index.php\/wp-json\/wp\/v2\/pages\/64\/revisions"}],"predecessor-version":[{"id":772,"href":"https:\/\/camping-aisne.fr\/index.php\/wp-json\/wp\/v2\/pages\/64\/revisions\/772"}],"wp:attachment":[{"href":"https:\/\/camping-aisne.fr\/index.php\/wp-json\/wp\/v2\/media?parent=64"}],"curies":[{"name":"wp","href":"https:\/\/api.w.org\/{rel}","templated":true}]}}